{"id":98,"date":"2021-11-04T18:25:53","date_gmt":"2021-11-04T18:25:53","guid":{"rendered":"https:\/\/b-t.hu\/?page_id=98"},"modified":"2021-11-04T18:26:19","modified_gmt":"2021-11-04T18:26:19","slug":"kornyezeti-jog","status":"publish","type":"page","link":"https:\/\/b-t.hu\/index.php\/kornyezeti-jog\/","title":{"rendered":"K\u00f6rnyezeti jog"},"content":{"rendered":"\t\t<div data-elementor-type=\"wp-page\" data-elementor-id=\"98\" class=\"elementor elementor-98\" data-elementor-settings=\"[]\">\n\t\t\t\t\t\t\t<div class=\"elementor-section-wrap\">\n\t\t\t\t\t\t\t<section class=\"elementor-section elementor-top-section elementor-element elementor-element-e79d32f elementor-section-boxed elementor-section-height-default elementor-section-height-default\" data-id=\"e79d32f\" data-element_type=\"section\">\n\t\t\t\t\t\t<div class=\"elementor-container elementor-column-gap-default\">\n\t\t\t\t\t<div class=\"elementor-column elementor-col-100 elementor-top-column elementor-element elementor-element-fcbdfbb\" data-id=\"fcbdfbb\" data-element_type=\"column\">\n\t\t\t<div class=\"elementor-widget-wrap elementor-element-populated\">\n\t\t\t\t\t\t\t\t<div class=\"elementor-element elementor-element-8f1d3a0 elementor-widget elementor-widget-text-editor\" data-id=\"8f1d3a0\" data-element_type=\"widget\" data-widget_type=\"text-editor.default\">\n\t\t\t\t<div class=\"elementor-widget-container\">\n\t\t\t\t\t\t\t<p>Irod\u00e1nk tan\u00e1csad\u00e1st ny\u00fajt \u00e9s jogi k\u00e9pviseletet biztos\u00edt a k\u00f6rnyezeti jogi k\u00e9rd\u00e9sekkel kapcsolatban, ami mag\u00e1ban foglalja az al\u00e1bbiakat:<\/p><ul><li>k\u00f6zigazgat\u00e1si \u00fcgyekben (enged\u00e9lyez\u00e9s, k\u00f6telez\u00e9s, b\u00edrs\u00e1gol\u00e1s) jogi k\u00e9pviselet biztos\u00edt\u00e1sa;<\/li><li>gazdas\u00e1gi t\u00e1rsas\u00e1gok \u00e1tvil\u00e1g\u00edt\u00e1sa k\u00f6rnyezeti jogi szempontb\u00f3l;<\/li><li>jogszab\u00e1ly el\u0151k\u00e9sz\u00edt\u00e9sben t\u00f6rt\u00e9n\u0151 k\u00f6zrem\u0171k\u00f6d\u00e9s;<\/li><li>t\u00e1j\u00e9koztat\u00e1s \u00e9s tan\u00e1csad\u00e1s a magyarorsz\u00e1gi k\u00f6rnyezetv\u00e9delmi el\u0151\u00edr\u00e1sokr\u00f3l;<\/li><li>k\u00f6rnyezeti k\u00e1rokkal kapcsolatos ig\u00e9nyek \u00e9rv\u00e9nyes\u00edt\u00e9s\u00e9ben val\u00f3 k\u00f6zrem\u0171k\u00f6d\u00e9s \u00e9s jogi k\u00e9pviselet;<\/li><li>term\u00e9kd\u00edj fizet\u00e9si k\u00f6telezetts\u00e9ggel kapcsolatos \u00fcgyekben jogi k\u00e9pviselet;<\/li><li>\u00fcvegh\u00e1zhat\u00e1s\u00fa g\u00e1zok kibocs\u00e1t\u00e1si egys\u00e9geinek kereskedelm\u00e9vel kapcsolatos \u00fcgyekben jogi k\u00e9pviselet;<\/li><li>k\u00f6rnyezeti \u00fcgyi perk\u00e9pviselet;<\/li><li>tan\u00e1csad\u00e1s jogharmoniz\u00e1ci\u00f3s k\u00e9rd\u00e9sekben, eur\u00f3pai k\u00f6z\u00f6ss\u00e9gi jogs\u00e9rt\u00e9si elj\u00e1r\u00e1sokban;<\/li><li>egyeztet\u00e9s \u00e9s elj\u00e1r\u00e1s hat\u00f3s\u00e1gi enged\u00e9lyeztet\u00e9si \u00fcgyekben.<\/li><\/ul>\t\t\t\t\t\t<\/div>\n\t\t\t\t<\/div>\n\t\t\t\t\t<\/div>\n\t\t<\/div>\n\t\t\t\t\t\t\t<\/div>\n\t\t<\/section>\n\t\t\t\t\t\t<\/div>\n\t\t\t\t\t<\/div>\n\t\t","protected":false},"excerpt":{"rendered":"<p>Irod\u00e1nk tan\u00e1csad\u00e1st ny\u00fajt \u00e9s jogi k\u00e9pviseletet biztos\u00edt a k\u00f6rnyezeti jogi k\u00e9rd\u00e9sekkel kapcsolatban, ami mag\u00e1ban foglalja az al\u00e1bbiakat: k\u00f6zigazgat\u00e1si \u00fcgyekben (enged\u00e9lyez\u00e9s, k\u00f6telez\u00e9s, b\u00edrs\u00e1gol\u00e1s) jogi k\u00e9pviselet biztos\u00edt\u00e1sa; gazdas\u00e1gi t\u00e1rsas\u00e1gok \u00e1tvil\u00e1g\u00edt\u00e1sa k\u00f6rnyezeti jogi szempontb\u00f3l; jogszab\u00e1ly el\u0151k\u00e9sz\u00edt\u00e9sben t\u00f6rt\u00e9n\u0151 k\u00f6zrem\u0171k\u00f6d\u00e9s; t\u00e1j\u00e9koztat\u00e1s \u00e9s tan\u00e1csad\u00e1s a magyarorsz\u00e1gi k\u00f6rnyezetv\u00e9delmi el\u0151\u00edr\u00e1sokr\u00f3l; k\u00f6rnyezeti k\u00e1rokkal kapcsolatos ig\u00e9nyek \u00e9rv\u00e9nyes\u00edt\u00e9s\u00e9ben val\u00f3 k\u00f6zrem\u0171k\u00f6d\u00e9s \u00e9s jogi k\u00e9pviselet; term\u00e9kd\u00edj fizet\u00e9si k\u00f6telezetts\u00e9ggel<\/p>\n","protected":false},"author":1,"featured_media":0,"parent":0,"menu_order":0,"comment_status":"closed","ping_status":"closed","template":"","meta":{"footnotes":""},"class_list":["post-98","page","type-page","status-publish"],"_links":{"self":[{"href":"https:\/\/b-t.hu\/index.php\/wp-json\/wp\/v2\/pages\/98","targetHints":{"allow":["GET"]}}],"collection":[{"href":"https:\/\/b-t.hu\/index.php\/wp-json\/wp\/v2\/pages"}],"about":[{"href":"https:\/\/b-t.hu\/index.php\/wp-json\/wp\/v2\/types\/page"}],"author":[{"embeddable":true,"href":"https:\/\/b-t.hu\/index.php\/wp-json\/wp\/v2\/users\/1"}],"replies":[{"embeddable":true,"href":"https:\/\/b-t.hu\/index.php\/wp-json\/wp\/v2\/comments?post=98"}],"version-history":[{"count":4,"href":"https:\/\/b-t.hu\/index.php\/wp-json\/wp\/v2\/pages\/98\/revisions"}],"predecessor-version":[{"id":103,"href":"https:\/\/b-t.hu\/index.php\/wp-json\/wp\/v2\/pages\/98\/revisions\/103"}],"wp:attachment":[{"href":"https:\/\/b-t.hu\/index.php\/wp-json\/wp\/v2\/media?parent=98"}],"curies":[{"name":"wp","href":"https:\/\/api.w.org\/{rel}","templated":true}]}}