{"id":68,"date":"2021-11-04T18:22:54","date_gmt":"2021-11-04T18:22:54","guid":{"rendered":"https:\/\/b-t.hu\/?page_id=68"},"modified":"2021-11-04T18:23:14","modified_gmt":"2021-11-04T18:23:14","slug":"kozigazgatasi-jog","status":"publish","type":"page","link":"https:\/\/b-t.hu\/index.php\/kozigazgatasi-jog\/","title":{"rendered":"K\u00f6zigazgat\u00e1si jog"},"content":{"rendered":"\t\t<div data-elementor-type=\"wp-page\" data-elementor-id=\"68\" class=\"elementor elementor-68\" data-elementor-settings=\"[]\">\n\t\t\t\t\t\t\t<div class=\"elementor-section-wrap\">\n\t\t\t\t\t\t\t<section class=\"elementor-section elementor-top-section elementor-element elementor-element-ac1b596 elementor-section-boxed elementor-section-height-default elementor-section-height-default\" data-id=\"ac1b596\" data-element_type=\"section\">\n\t\t\t\t\t\t<div class=\"elementor-container elementor-column-gap-default\">\n\t\t\t\t\t<div class=\"elementor-column elementor-col-100 elementor-top-column elementor-element elementor-element-79f580f\" data-id=\"79f580f\" data-element_type=\"column\">\n\t\t\t<div class=\"elementor-widget-wrap elementor-element-populated\">\n\t\t\t\t\t\t\t\t<div class=\"elementor-element elementor-element-14eff24 elementor-widget elementor-widget-text-editor\" data-id=\"14eff24\" data-element_type=\"widget\" data-widget_type=\"text-editor.default\">\n\t\t\t\t<div class=\"elementor-widget-container\">\n\t\t\t\t\t\t\t<p>Irod\u00e1nk egyik f\u0151 profilja az \u00f6nkorm\u00e1nyzatok, \u00f6nkorm\u00e1nyzati t\u00e1rsul\u00e1sok \u00e1lland\u00f3 \u00e9s eseti k\u00e9pviselete. Seg\u00edts\u00e9get ny\u00fajtunk az \u00f6nkorm\u00e1nyzat \u00e9s int\u00e9zm\u00e9nyeit \u00e9rint\u0151 szinte valamennyi jogi k\u00e9rd\u00e9sben, perk\u00e9pviseletet l\u00e1tunk el, rendelettervezeteket v\u00e9lem\u00e9nyez\u00fcnk, ig\u00e9ny eset\u00e9n k\u00e9sz\u00edt\u00fcnk, hat\u00f3s\u00e1gi \u00fcgyekben jogi tan\u00e1csot adunk. V\u00e1rosok \u00e9s kistelep\u00fcl\u00e9sek r\u00e9sz\u00e9re egyar\u00e1nt k\u00edn\u00e1ljuk szolg\u00e1ltat\u00e1sainkat. Irod\u00e1nk ezen fel\u00fcl k\u00f6zigazgat\u00e1si \u00fcgyekben mind a k\u00f6zigazgat\u00e1si szervet mind az \u00fcgyf\u00e9l k\u00e9pviselet\u00e9t ell\u00e1tja \u00e1lland\u00f3 \u00e9s eseti jelleggel, k\u00f6zigazgat\u00e1si \u00fcgyekben jogi tan\u00e1csad\u00e1st v\u00e9gez.<\/p>\t\t\t\t\t\t<\/div>\n\t\t\t\t<\/div>\n\t\t\t\t\t<\/div>\n\t\t<\/div>\n\t\t\t\t\t\t\t<\/div>\n\t\t<\/section>\n\t\t\t\t\t\t<\/div>\n\t\t\t\t\t<\/div>\n\t\t","protected":false},"excerpt":{"rendered":"<p>Irod\u00e1nk egyik f\u0151 profilja az \u00f6nkorm\u00e1nyzatok, \u00f6nkorm\u00e1nyzati t\u00e1rsul\u00e1sok \u00e1lland\u00f3 \u00e9s eseti k\u00e9pviselete. Seg\u00edts\u00e9get ny\u00fajtunk az \u00f6nkorm\u00e1nyzat \u00e9s int\u00e9zm\u00e9nyeit \u00e9rint\u0151 szinte valamennyi jogi k\u00e9rd\u00e9sben, perk\u00e9pviseletet l\u00e1tunk el, rendelettervezeteket v\u00e9lem\u00e9nyez\u00fcnk, ig\u00e9ny eset\u00e9n k\u00e9sz\u00edt\u00fcnk, hat\u00f3s\u00e1gi \u00fcgyekben jogi tan\u00e1csot adunk. V\u00e1rosok \u00e9s kistelep\u00fcl\u00e9sek r\u00e9sz\u00e9re egyar\u00e1nt k\u00edn\u00e1ljuk szolg\u00e1ltat\u00e1sainkat. Irod\u00e1nk ezen fel\u00fcl k\u00f6zigazgat\u00e1si \u00fcgyekben mind a k\u00f6zigazgat\u00e1si szervet mind az \u00fcgyf\u00e9l<\/p>\n","protected":false},"author":1,"featured_media":0,"parent":0,"menu_order":0,"comment_status":"closed","ping_status":"closed","template":"","meta":{"footnotes":""},"class_list":["post-68","page","type-page","status-publish"],"_links":{"self":[{"href":"https:\/\/b-t.hu\/index.php\/wp-json\/wp\/v2\/pages\/68","targetHints":{"allow":["GET"]}}],"collection":[{"href":"https:\/\/b-t.hu\/index.php\/wp-json\/wp\/v2\/pages"}],"about":[{"href":"https:\/\/b-t.hu\/index.php\/wp-json\/wp\/v2\/types\/page"}],"author":[{"embeddable":true,"href":"https:\/\/b-t.hu\/index.php\/wp-json\/wp\/v2\/users\/1"}],"replies":[{"embeddable":true,"href":"https:\/\/b-t.hu\/index.php\/wp-json\/wp\/v2\/comments?post=68"}],"version-history":[{"count":4,"href":"https:\/\/b-t.hu\/index.php\/wp-json\/wp\/v2\/pages\/68\/revisions"}],"predecessor-version":[{"id":73,"href":"https:\/\/b-t.hu\/index.php\/wp-json\/wp\/v2\/pages\/68\/revisions\/73"}],"wp:attachment":[{"href":"https:\/\/b-t.hu\/index.php\/wp-json\/wp\/v2\/media?parent=68"}],"curies":[{"name":"wp","href":"https:\/\/api.w.org\/{rel}","templated":true}]}}