{"id":59,"date":"2021-11-04T18:22:00","date_gmt":"2021-11-04T18:22:00","guid":{"rendered":"https:\/\/b-t.hu\/?page_id=59"},"modified":"2021-11-04T18:22:44","modified_gmt":"2021-11-04T18:22:44","slug":"jogszabaly-elokeszites-jogharmonizacio-kodifikacio","status":"publish","type":"page","link":"https:\/\/b-t.hu\/index.php\/jogszabaly-elokeszites-jogharmonizacio-kodifikacio\/","title":{"rendered":"Jogszab\u00e1ly-el\u0151k\u00e9sz\u00edt\u00e9s, jogharmoniz\u00e1ci\u00f3, kodifik\u00e1ci\u00f3"},"content":{"rendered":"\t\t<div data-elementor-type=\"wp-page\" data-elementor-id=\"59\" class=\"elementor elementor-59\" data-elementor-settings=\"[]\">\n\t\t\t\t\t\t\t<div class=\"elementor-section-wrap\">\n\t\t\t\t\t\t\t<section class=\"elementor-section elementor-top-section elementor-element elementor-element-476854b elementor-section-boxed elementor-section-height-default elementor-section-height-default\" data-id=\"476854b\" data-element_type=\"section\">\n\t\t\t\t\t\t<div class=\"elementor-container elementor-column-gap-default\">\n\t\t\t\t\t<div class=\"elementor-column elementor-col-100 elementor-top-column elementor-element elementor-element-ac33089\" data-id=\"ac33089\" data-element_type=\"column\">\n\t\t\t<div class=\"elementor-widget-wrap elementor-element-populated\">\n\t\t\t\t\t\t\t\t<div class=\"elementor-element elementor-element-c0a2f30 elementor-widget elementor-widget-text-editor\" data-id=\"c0a2f30\" data-element_type=\"widget\" data-widget_type=\"text-editor.default\">\n\t\t\t\t<div class=\"elementor-widget-container\">\n\t\t\t\t\t\t\t<p>\u00dcgyv\u00e9di irod\u00e1nk jogszab\u00e1ly-el\u0151k\u00e9sz\u00edt\u00e9s, jogharmoniz\u00e1ci\u00f3, kodifik\u00e1ci\u00f3 ter\u00fclet\u00e9n is \u00e1ll az \u00fcgyfelek rendelkez\u00e9s\u00e9re. Ennek keret\u00e9ben r\u00e9szt vesz\u00fcnk t\u00f6rv\u00e9nyjavaslatok, Korm\u00e1nyrendelet, Miniszteri rendelet javaslatok, \u00f6nkorm\u00e1nyzati rendelet javaslatok el\u0151k\u00e9sz\u00edt\u00e9s\u00e9ben, v\u00e9lem\u00e9nyez\u00e9s\u00e9ben.<\/p>\t\t\t\t\t\t<\/div>\n\t\t\t\t<\/div>\n\t\t\t\t\t<\/div>\n\t\t<\/div>\n\t\t\t\t\t\t\t<\/div>\n\t\t<\/section>\n\t\t\t\t\t\t<\/div>\n\t\t\t\t\t<\/div>\n\t\t","protected":false},"excerpt":{"rendered":"<p>\u00dcgyv\u00e9di irod\u00e1nk jogszab\u00e1ly-el\u0151k\u00e9sz\u00edt\u00e9s, jogharmoniz\u00e1ci\u00f3, kodifik\u00e1ci\u00f3 ter\u00fclet\u00e9n is \u00e1ll az \u00fcgyfelek rendelkez\u00e9s\u00e9re. Ennek keret\u00e9ben r\u00e9szt vesz\u00fcnk t\u00f6rv\u00e9nyjavaslatok, Korm\u00e1nyrendelet, Miniszteri rendelet javaslatok, \u00f6nkorm\u00e1nyzati rendelet javaslatok el\u0151k\u00e9sz\u00edt\u00e9s\u00e9ben, v\u00e9lem\u00e9nyez\u00e9s\u00e9ben.<\/p>\n","protected":false},"author":1,"featured_media":0,"parent":0,"menu_order":0,"comment_status":"closed","ping_status":"closed","template":"","meta":{"footnotes":""},"class_list":["post-59","page","type-page","status-publish"],"_links":{"self":[{"href":"https:\/\/b-t.hu\/index.php\/wp-json\/wp\/v2\/pages\/59","targetHints":{"allow":["GET"]}}],"collection":[{"href":"https:\/\/b-t.hu\/index.php\/wp-json\/wp\/v2\/pages"}],"about":[{"href":"https:\/\/b-t.hu\/index.php\/wp-json\/wp\/v2\/types\/page"}],"author":[{"embeddable":true,"href":"https:\/\/b-t.hu\/index.php\/wp-json\/wp\/v2\/users\/1"}],"replies":[{"embeddable":true,"href":"https:\/\/b-t.hu\/index.php\/wp-json\/wp\/v2\/comments?post=59"}],"version-history":[{"count":7,"href":"https:\/\/b-t.hu\/index.php\/wp-json\/wp\/v2\/pages\/59\/revisions"}],"predecessor-version":[{"id":67,"href":"https:\/\/b-t.hu\/index.php\/wp-json\/wp\/v2\/pages\/59\/revisions\/67"}],"wp:attachment":[{"href":"https:\/\/b-t.hu\/index.php\/wp-json\/wp\/v2\/media?parent=59"}],"curies":[{"name":"wp","href":"https:\/\/api.w.org\/{rel}","templated":true}]}}