{"id":110,"date":"2021-11-04T18:27:08","date_gmt":"2021-11-04T18:27:08","guid":{"rendered":"https:\/\/b-t.hu\/?page_id=110"},"modified":"2021-11-04T18:27:24","modified_gmt":"2021-11-04T18:27:24","slug":"gazdasagi-jogi-jogvitak-polgari-peres-es-nem-peres-eljarasok","status":"publish","type":"page","link":"https:\/\/b-t.hu\/index.php\/gazdasagi-jogi-jogvitak-polgari-peres-es-nem-peres-eljarasok\/","title":{"rendered":"Gazdas\u00e1gi jogi jogvit\u00e1k, polg\u00e1ri peres \u00e9s nem peres elj\u00e1r\u00e1sok"},"content":{"rendered":"\t\t<div data-elementor-type=\"wp-page\" data-elementor-id=\"110\" class=\"elementor elementor-110\" data-elementor-settings=\"[]\">\n\t\t\t\t\t\t\t<div class=\"elementor-section-wrap\">\n\t\t\t\t\t\t\t<section class=\"elementor-section elementor-top-section elementor-element elementor-element-d35163a elementor-section-boxed elementor-section-height-default elementor-section-height-default\" data-id=\"d35163a\" data-element_type=\"section\">\n\t\t\t\t\t\t<div class=\"elementor-container elementor-column-gap-default\">\n\t\t\t\t\t<div class=\"elementor-column elementor-col-100 elementor-top-column elementor-element elementor-element-2628939\" data-id=\"2628939\" data-element_type=\"column\">\n\t\t\t<div class=\"elementor-widget-wrap elementor-element-populated\">\n\t\t\t\t\t\t\t\t<div class=\"elementor-element elementor-element-2aefcf5 elementor-widget elementor-widget-text-editor\" data-id=\"2aefcf5\" data-element_type=\"widget\" data-widget_type=\"text-editor.default\">\n\t\t\t\t<div class=\"elementor-widget-container\">\n\t\t\t\t\t\t\t<p>Irod\u00e1nk rendelkez\u00e9s\u00e9re \u00e1ll gazdas\u00e1gi t\u00e1rsas\u00e1gok k\u00f6z\u00f6tti egyes jogvit\u00e1k rendez\u00e9s\u00e9ben is. K\u00f6zrem\u0171k\u00f6d\u00fcnk egyezs\u00e9g l\u00e9trehoz\u00e1s\u00e1ban \u00e9s ha m\u00e1sra nincs lehet\u0151s\u00e9g, perk\u00e9pviseletben. E szolg\u00e1ltat\u00e1sunkat mind hib\u00e1s teljes\u00edt\u00e9ssel, mind k\u00e1rt\u00e9r\u00edt\u00e9ssel kapcsolatban k\u00edn\u00e1ljuk. Rendelkez\u00e9sre \u00e1llunk term\u00e9szetesen olyan jogvit\u00e1k megold\u00e1s\u00e1ban is, ahol a m\u00e1sik f\u00e9l k\u00f6zigazgat\u00e1si szerv vagy \u00f6nkorm\u00e1nyzat.<\/p>\t\t\t\t\t\t<\/div>\n\t\t\t\t<\/div>\n\t\t\t\t\t<\/div>\n\t\t<\/div>\n\t\t\t\t\t\t\t<\/div>\n\t\t<\/section>\n\t\t\t\t\t\t<\/div>\n\t\t\t\t\t<\/div>\n\t\t","protected":false},"excerpt":{"rendered":"<p>Irod\u00e1nk rendelkez\u00e9s\u00e9re \u00e1ll gazdas\u00e1gi t\u00e1rsas\u00e1gok k\u00f6z\u00f6tti egyes jogvit\u00e1k rendez\u00e9s\u00e9ben is. K\u00f6zrem\u0171k\u00f6d\u00fcnk egyezs\u00e9g l\u00e9trehoz\u00e1s\u00e1ban \u00e9s ha m\u00e1sra nincs lehet\u0151s\u00e9g, perk\u00e9pviseletben. E szolg\u00e1ltat\u00e1sunkat mind hib\u00e1s teljes\u00edt\u00e9ssel, mind k\u00e1rt\u00e9r\u00edt\u00e9ssel kapcsolatban k\u00edn\u00e1ljuk. Rendelkez\u00e9sre \u00e1llunk term\u00e9szetesen olyan jogvit\u00e1k megold\u00e1s\u00e1ban is, ahol a m\u00e1sik f\u00e9l k\u00f6zigazgat\u00e1si szerv vagy \u00f6nkorm\u00e1nyzat.<\/p>\n","protected":false},"author":1,"featured_media":0,"parent":0,"menu_order":0,"comment_status":"closed","ping_status":"closed","template":"","meta":{"footnotes":""},"class_list":["post-110","page","type-page","status-publish"],"_links":{"self":[{"href":"https:\/\/b-t.hu\/index.php\/wp-json\/wp\/v2\/pages\/110","targetHints":{"allow":["GET"]}}],"collection":[{"href":"https:\/\/b-t.hu\/index.php\/wp-json\/wp\/v2\/pages"}],"about":[{"href":"https:\/\/b-t.hu\/index.php\/wp-json\/wp\/v2\/types\/page"}],"author":[{"embeddable":true,"href":"https:\/\/b-t.hu\/index.php\/wp-json\/wp\/v2\/users\/1"}],"replies":[{"embeddable":true,"href":"https:\/\/b-t.hu\/index.php\/wp-json\/wp\/v2\/comments?post=110"}],"version-history":[{"count":4,"href":"https:\/\/b-t.hu\/index.php\/wp-json\/wp\/v2\/pages\/110\/revisions"}],"predecessor-version":[{"id":115,"href":"https:\/\/b-t.hu\/index.php\/wp-json\/wp\/v2\/pages\/110\/revisions\/115"}],"wp:attachment":[{"href":"https:\/\/b-t.hu\/index.php\/wp-json\/wp\/v2\/media?parent=110"}],"curies":[{"name":"wp","href":"https:\/\/api.w.org\/{rel}","templated":true}]}}